{"id":98,"date":"2013-09-13T22:03:00","date_gmt":"2013-09-13T20:03:00","guid":{"rendered":"http:\/\/www.baannokkamin.ch\/?page_id=98"},"modified":"2013-09-14T09:07:41","modified_gmt":"2013-09-14T07:07:41","slug":"chiangrai","status":"publish","type":"page","link":"https:\/\/www.baannokkamin.ch\/?page_id=98","title":{"rendered":"Chiangrai"},"content":{"rendered":"<p><a href=\"http:\/\/www.baannokkamin.ch\/wp-content\/uploads\/2013\/09\/02.02.001-1024x768.jpg\"><img decoding=\"async\" loading=\"lazy\" class=\"alignleft size-medium wp-image-99\" alt=\"02.02.001-1024x768\" src=\"http:\/\/www.baannokkamin.ch\/wp-content\/uploads\/2013\/09\/02.02.001-1024x768-300x225.jpg\" width=\"300\" height=\"225\" srcset=\"https:\/\/www.baannokkamin.ch\/wp-content\/uploads\/2013\/09\/02.02.001-1024x768-300x225.jpg 300w, https:\/\/www.baannokkamin.ch\/wp-content\/uploads\/2013\/09\/02.02.001-1024x768-400x300.jpg 400w, https:\/\/www.baannokkamin.ch\/wp-content\/uploads\/2013\/09\/02.02.001-1024x768.jpg 1024w\" sizes=\"(max-width: 300px) 100vw, 300px\" \/><\/a>In Wiangpapao (Nord-Thailand) befindet sich ein Drogen-Rehabilitationszentrum.<\/p>\n<p>Es wurde vielen Abh\u00e4ngigen zum Segen und nicht Wenige haben eine Bibelschule abgeschlossen und stehen heute im Dienst f\u00fcr den N\u00e4chsten.<br \/>\n<a href=\"http:\/\/www.baannokkamin.ch\/wp-content\/uploads\/2013\/09\/320_564-337.jpg\"><img decoding=\"async\" loading=\"lazy\" class=\"alignleft size-full wp-image-163\" alt=\"320_564-337\" src=\"http:\/\/www.baannokkamin.ch\/wp-content\/uploads\/2013\/09\/320_564-337.jpg\" width=\"564\" height=\"337\" srcset=\"https:\/\/www.baannokkamin.ch\/wp-content\/uploads\/2013\/09\/320_564-337.jpg 564w, https:\/\/www.baannokkamin.ch\/wp-content\/uploads\/2013\/09\/320_564-337-300x179.jpg 300w, https:\/\/www.baannokkamin.ch\/wp-content\/uploads\/2013\/09\/320_564-337-500x298.jpg 500w\" sizes=\"(max-width: 564px) 100vw, 564px\" \/><\/a><\/p>\n","protected":false},"excerpt":{"rendered":"<p>In Wiangpapao (Nord-Thailand) befindet sich ein Drogen-Rehabilitationszentrum. Es wurde vielen Abh\u00e4ngigen zum Segen und nicht Wenige haben eine Bibelschule abgeschlossen und stehen heute im Dienst f\u00fcr den N\u00e4chsten.<\/p>\n","protected":false},"author":1,"featured_media":0,"parent":52,"menu_order":320,"comment_status":"closed","ping_status":"closed","template":"sidebar-page.php","meta":{"ngg_post_thumbnail":0,"footnotes":""},"_links":{"self":[{"href":"https:\/\/www.baannokkamin.ch\/index.php?rest_route=\/wp\/v2\/pages\/98"}],"collection":[{"href":"https:\/\/www.baannokkamin.ch\/index.php?rest_route=\/wp\/v2\/pages"}],"about":[{"href":"https:\/\/www.baannokkamin.ch\/index.php?rest_route=\/wp\/v2\/types\/page"}],"author":[{"embeddable":true,"href":"https:\/\/www.baannokkamin.ch\/index.php?rest_route=\/wp\/v2\/users\/1"}],"replies":[{"embeddable":true,"href":"https:\/\/www.baannokkamin.ch\/index.php?rest_route=%2Fwp%2Fv2%2Fcomments&post=98"}],"version-history":[{"count":5,"href":"https:\/\/www.baannokkamin.ch\/index.php?rest_route=\/wp\/v2\/pages\/98\/revisions"}],"predecessor-version":[{"id":165,"href":"https:\/\/www.baannokkamin.ch\/index.php?rest_route=\/wp\/v2\/pages\/98\/revisions\/165"}],"up":[{"embeddable":true,"href":"https:\/\/www.baannokkamin.ch\/index.php?rest_route=\/wp\/v2\/pages\/52"}],"wp:attachment":[{"href":"https:\/\/www.baannokkamin.ch\/index.php?rest_route=%2Fwp%2Fv2%2Fmedia&parent=98"}],"curies":[{"name":"wp","href":"https:\/\/api.w.org\/{rel}","templated":true}]}}