{"id":636,"date":"2015-11-11T10:35:50","date_gmt":"2015-11-11T08:35:50","guid":{"rendered":"http:\/\/www.baannokkamin.ch\/?page_id=636"},"modified":"2019-12-05T16:29:26","modified_gmt":"2019-12-05T14:29:26","slug":"hua-hin-2","status":"publish","type":"page","link":"https:\/\/www.baannokkamin.ch\/?page_id=636","title":{"rendered":"Hua Hin"},"content":{"rendered":"<h2 class=\"wsite-content-title\"><a href=\"http:\/\/www.baannokkamin.ch\/wp-content\/uploads\/P1010661R1.jpg\"><img decoding=\"async\" loading=\"lazy\" class=\" wp-image-638 alignleft\" src=\"http:\/\/www.baannokkamin.ch\/wp-content\/uploads\/P1010661R1-300x225.jpg\" alt=\"P1010661R\" width=\"271\" height=\"206\" \/><\/a>Baan Nok Kamin Familie in Hua Hin<\/h2>\n<p>Im Seaside sind gegenw\u00e4rtig nur noch wenige Personen ganzj\u00e4hrlich. G\u00e4ste aus Europa sind willkommen.<br \/>\nEin kleine Gemeinde ist am Entstehen.<\/p>\n<p>F\u00fcr Ferieninfo siehe: <a href=\"http:\/\/www.baannokkamin.ch\/?page_id=183\" target=\"_blank\" rel=\"noopener\">Ferien in Hua Hin (Meer)<\/a><\/p>\n<p>&nbsp;<\/p>\n","protected":false},"excerpt":{"rendered":"<p>Baan Nok Kamin Familie in Hua Hin Im Seaside sind gegenw\u00e4rtig nur noch wenige Personen ganzj\u00e4hrlich. G\u00e4ste aus Europa sind willkommen. Ein kleine Gemeinde ist am Entstehen. F\u00fcr Ferieninfo siehe: Ferien in Hua Hin (Meer) &nbsp;<\/p>\n","protected":false},"author":6,"featured_media":0,"parent":52,"menu_order":370,"comment_status":"closed","ping_status":"closed","template":"sidebar-page.php","meta":{"ngg_post_thumbnail":0,"footnotes":""},"_links":{"self":[{"href":"https:\/\/www.baannokkamin.ch\/index.php?rest_route=\/wp\/v2\/pages\/636"}],"collection":[{"href":"https:\/\/www.baannokkamin.ch\/index.php?rest_route=\/wp\/v2\/pages"}],"about":[{"href":"https:\/\/www.baannokkamin.ch\/index.php?rest_route=\/wp\/v2\/types\/page"}],"author":[{"embeddable":true,"href":"https:\/\/www.baannokkamin.ch\/index.php?rest_route=\/wp\/v2\/users\/6"}],"replies":[{"embeddable":true,"href":"https:\/\/www.baannokkamin.ch\/index.php?rest_route=%2Fwp%2Fv2%2Fcomments&post=636"}],"version-history":[{"count":4,"href":"https:\/\/www.baannokkamin.ch\/index.php?rest_route=\/wp\/v2\/pages\/636\/revisions"}],"predecessor-version":[{"id":1759,"href":"https:\/\/www.baannokkamin.ch\/index.php?rest_route=\/wp\/v2\/pages\/636\/revisions\/1759"}],"up":[{"embeddable":true,"href":"https:\/\/www.baannokkamin.ch\/index.php?rest_route=\/wp\/v2\/pages\/52"}],"wp:attachment":[{"href":"https:\/\/www.baannokkamin.ch\/index.php?rest_route=%2Fwp%2Fv2%2Fmedia&parent=636"}],"curies":[{"name":"wp","href":"https:\/\/api.w.org\/{rel}","templated":true}]}}