{"id":63,"date":"2013-09-13T16:21:13","date_gmt":"2013-09-13T14:21:13","guid":{"rendered":"http:\/\/www.baannokkamin.ch\/?page_id=63"},"modified":"2023-05-17T09:33:48","modified_gmt":"2023-05-17T07:33:48","slug":"verein","status":"publish","type":"page","link":"https:\/\/www.baannokkamin.ch\/?page_id=63","title":{"rendered":"Verein"},"content":{"rendered":"<p>In der Schweiz besteht ein Verein zur Unterst\u00fctzung von Baan Nok Kamin. Er ist das Bindeglied in der Schweiz zur Stiftung Baan Nok Kamin in Thailand. F\u00fcr Belange des Werkes in Thailand ist der Stiftungsrat in Thailand zust\u00e4ndig.<\/p>\n<p><strong><span style=\"color: #3366ff;\">Zweck<\/span><br \/>\n<\/strong><\/p>\n<ol>\n<li>Wird sind \u00fcberzeute Christen unterschiedlichen Denominationen welche mit Finanzen, praktischer Hilfe (Kurzzeitler) und Gebet die Werte von Baan Nok Kamin Thailand unterst\u00fczten<\/li>\n<li>Korrekte Handhabung von Gaben und deren Weiterleitung an die Stiftung <strong>Baan Nok Kamin<\/strong> <strong>Thailand<\/strong><\/li>\n<li>\u00d6ffentlichkeitsarbeit in Form von Mitgliedervesammlung, Freundestreffen, Vortr\u00e4gen<\/li>\n<li>Die Buchhaltung wird j\u00e4hrlich durch eine unabh\u00e4ngige Kontrollstelle gepr\u00fcft<\/li>\n<li>Der Vorstand arbeitet ehrenamtlich<\/li>\n<\/ol>\n<p><strong><span style=\"color: #3366ff;\">Mitgliedschaft<\/span><br \/>\n<\/strong><\/p>\n<ul>\n<li>Wenn Sie unserem Verein als Mitglied beitreten m\u00f6chten, dann senden Sie uns bitte&nbsp; eine kurze Meldung an untenstehende Adresse.<\/li>\n<li><a href=\"http:\/\/www.baannokkamin.ch\/wp-content\/uploads\/Beitrittserklaerung-Anmeldungsformular-2023-05-online.pdf\" target=\"_blank\" rel=\"noopener\"><span style=\"color: #3366ff;\"><strong><span style=\"color: #3366ff;\">oder melden Sie sich direkt mit diesem Formular an (am PC ausf\u00fcllbar)<\/span><\/strong><\/span><\/a><\/li>\n<li>Die Beitrittserkl\u00e4rung (Druckversion) kann <strong><span style=\"color: #3366ff;\"><a style=\"color: #3366ff;\" href=\"http:\/\/www.baannokkamin.ch\/wp-content\/uploads\/Beitrittserklaerung-Anmeldungsformular-2023-05.pdf\" target=\"_blank\" rel=\"noopener\">hier als PDF<\/a><\/span><\/strong> heruntergeladen werden<\/li>\n<li>Nach Aufnahme durch den Vorstand erhalten Sie die Statuten und werden zur&nbsp; j\u00e4hrlichen Mitgliederversammlung (im 1. Quartal des Jahres) eingeladen<\/li>\n<li>Der aktuelle Mitgliederbeitrag betr\u00e4gt CHF 40.&#8211; pro Person\/Jahr und wird jeweils im&nbsp; Fr\u00fchjahr eingezogen. Die Mitgliederbeitr\u00e4ge werden zur Deckung der Vereinsspesen verwendet.<\/li>\n<\/ul>\n<p><span style=\"color: #3366ff;\"><strong>Mitgliederversammlung<br \/>\n<\/strong><\/span><\/p>\n<p>Die Mitgliederversammlung wird j\u00e4hrlich, jeweils im April \/ Mai&nbsp; stattfinden. Das definitive Datum wird rechtzeitig publiziert werden.<span style=\"color: #3366ff;\"><br \/>\n<\/span><\/p>\n<p>Verein Baan Nok Kamin (Schweiz)<br \/>\nHermann B\u00f6sch, Pr\u00e4sident<br \/>\nM\u00f6he 18<br \/>\n8476 Unterstammheim<br \/>\n<a href=\"mailto:hboe@hispeed.ch\"><span style=\"color: #3366ff;\">hboe@hispeed.ch<\/span><br \/>\n<\/a>078 656 31 43<\/p>\n","protected":false},"excerpt":{"rendered":"<p>In der Schweiz besteht ein Verein zur Unterst\u00fctzung von Baan Nok Kamin. Er ist das Bindeglied in der Schweiz zur Stiftung Baan Nok Kamin in Thailand. F\u00fcr Belange des Werkes in Thailand ist der Stiftungsrat in Thailand zust\u00e4ndig. Zweck Wird &hellip; <a href=\"https:\/\/www.baannokkamin.ch\/?page_id=63\">Weiterlesen <span class=\"meta-nav\">&rarr;<\/span><\/a><\/p>\n","protected":false},"author":1,"featured_media":0,"parent":0,"menu_order":800,"comment_status":"closed","ping_status":"closed","template":"sidebar-page.php","meta":{"ngg_post_thumbnail":0,"footnotes":""},"_links":{"self":[{"href":"https:\/\/www.baannokkamin.ch\/index.php?rest_route=\/wp\/v2\/pages\/63"}],"collection":[{"href":"https:\/\/www.baannokkamin.ch\/index.php?rest_route=\/wp\/v2\/pages"}],"about":[{"href":"https:\/\/www.baannokkamin.ch\/index.php?rest_route=\/wp\/v2\/types\/page"}],"author":[{"embeddable":true,"href":"https:\/\/www.baannokkamin.ch\/index.php?rest_route=\/wp\/v2\/users\/1"}],"replies":[{"embeddable":true,"href":"https:\/\/www.baannokkamin.ch\/index.php?rest_route=%2Fwp%2Fv2%2Fcomments&post=63"}],"version-history":[{"count":49,"href":"https:\/\/www.baannokkamin.ch\/index.php?rest_route=\/wp\/v2\/pages\/63\/revisions"}],"predecessor-version":[{"id":2374,"href":"https:\/\/www.baannokkamin.ch\/index.php?rest_route=\/wp\/v2\/pages\/63\/revisions\/2374"}],"wp:attachment":[{"href":"https:\/\/www.baannokkamin.ch\/index.php?rest_route=%2Fwp%2Fv2%2Fmedia&parent=63"}],"curies":[{"name":"wp","href":"https:\/\/api.w.org\/{rel}","templated":true}]}}