{"id":61,"date":"2013-09-13T16:13:47","date_gmt":"2013-09-13T14:13:47","guid":{"rendered":"http:\/\/www.baannokkamin.ch\/?page_id=61"},"modified":"2023-04-01T11:39:49","modified_gmt":"2023-04-01T09:39:49","slug":"unterstuetzung","status":"publish","type":"page","link":"https:\/\/www.baannokkamin.ch\/?page_id=61","title":{"rendered":"Unterst\u00fctzung"},"content":{"rendered":"<p>Gef\u00e4llt Ihnen diese Arbeit und Sie m\u00f6chten uns auf irgendeine Weise unterst\u00fctzen, dann haben Sie folgende M\u00f6glichkeiten:<\/p>\n<p><img decoding=\"async\" loading=\"lazy\" class=\"alignleft size-full wp-image-20\" src=\"http:\/\/www.baannokkamin.ch\/wp-content\/uploads\/2013\/09\/04.01.001a-197x3001.jpg\" alt=\"Unterst\u00fctzung\" width=\"197\" height=\"300\" \/>&#8211;\u00a0\u00a0\u00a0\u00a0\u00a0 Durch <a title=\"Gebet\" href=\"http:\/\/www.baannokkamin.ch\/?page_id=148\">Gebet<\/a><\/p>\n<p>&#8211;\u00a0\u00a0\u00a0\u00a0\u00a0 Durch <a title=\"Gaben\" href=\"http:\/\/www.baannokkamin.ch\/?page_id=150\">Gaben<\/a><\/p>\n<p>&#8211;\u00a0\u00a0\u00a0\u00a0\u00a0 Durch einen <a title=\"Praktischen Einsatz\" href=\"http:\/\/www.baannokkamin.ch\/?page_id=152\">praktischen Einsatz (Kurzzeitler)<\/a><\/p>\n","protected":false},"excerpt":{"rendered":"<p>Gef\u00e4llt Ihnen diese Arbeit und Sie m\u00f6chten uns auf irgendeine Weise unterst\u00fctzen, dann haben Sie folgende M\u00f6glichkeiten: &#8211;\u00a0\u00a0\u00a0\u00a0\u00a0 Durch Gebet &#8211;\u00a0\u00a0\u00a0\u00a0\u00a0 Durch Gaben &#8211;\u00a0\u00a0\u00a0\u00a0\u00a0 Durch einen praktischen Einsatz (Kurzzeitler)<\/p>\n","protected":false},"author":1,"featured_media":0,"parent":0,"menu_order":700,"comment_status":"closed","ping_status":"closed","template":"sidebar-page.php","meta":{"ngg_post_thumbnail":0,"footnotes":""},"_links":{"self":[{"href":"https:\/\/www.baannokkamin.ch\/index.php?rest_route=\/wp\/v2\/pages\/61"}],"collection":[{"href":"https:\/\/www.baannokkamin.ch\/index.php?rest_route=\/wp\/v2\/pages"}],"about":[{"href":"https:\/\/www.baannokkamin.ch\/index.php?rest_route=\/wp\/v2\/types\/page"}],"author":[{"embeddable":true,"href":"https:\/\/www.baannokkamin.ch\/index.php?rest_route=\/wp\/v2\/users\/1"}],"replies":[{"embeddable":true,"href":"https:\/\/www.baannokkamin.ch\/index.php?rest_route=%2Fwp%2Fv2%2Fcomments&post=61"}],"version-history":[{"count":4,"href":"https:\/\/www.baannokkamin.ch\/index.php?rest_route=\/wp\/v2\/pages\/61\/revisions"}],"predecessor-version":[{"id":2278,"href":"https:\/\/www.baannokkamin.ch\/index.php?rest_route=\/wp\/v2\/pages\/61\/revisions\/2278"}],"wp:attachment":[{"href":"https:\/\/www.baannokkamin.ch\/index.php?rest_route=%2Fwp%2Fv2%2Fmedia&parent=61"}],"curies":[{"name":"wp","href":"https:\/\/api.w.org\/{rel}","templated":true}]}}