{"id":268,"date":"2013-10-28T09:53:29","date_gmt":"2013-10-28T07:53:29","guid":{"rendered":"http:\/\/www.baannokkamin.ch\/?page_id=268"},"modified":"2023-04-01T11:29:12","modified_gmt":"2023-04-01T09:29:12","slug":"erwin-groebli-berichtet","status":"publish","type":"page","link":"https:\/\/www.baannokkamin.ch\/?page_id=268","title":{"rendered":"Termine"},"content":{"rendered":"<p><em><strong>Jeden ersten Montag des Monats:<\/strong><\/em><br \/>\n&#8211;&gt; Gebetstreffen\u00a0um 19.00 Uhr in der Landeskirchlichen Minorit\u00e4t Heiden<br \/>\nSeeallee 12, 9410 Heiden.<\/p>\n<p><em><strong>Jeden 4. Montag des Monat:<\/strong> <\/em><br \/>\n&#8211;&gt;Gebetstreffen bei Marie Bigler, Wetzikon,\u00a0um 18.30 Uhr, Infos unter Tel.\u00a0044 930 00 65<\/p>\n<p><em><strong>Jeden letzten <span style=\"color: #000000;\">Montag <\/span>des Monats:<\/strong><\/em><br \/>\n&#8211;&gt; Gebetstreffen bei Famlilie B\u00f6sch f\u00fcr Baan Nok Kamin Anliegen (Info: 078 656 31 43)<br \/>\nOrt: M\u00f6he 18, 8476 Unterstammheim um 19:00 Uhr<\/p>\n<p>W\u00fcnschen Sie mehr Informationen \u00fcber die Arbeit von Baan Nok Kamin oder planen Sie selber eine Veranstaltung \u00fcber diese Projekt? Hier finden Sie unsere Kontaktdaten:<br \/>\n&#8222;<a title=\"Verein\" href=\"http:\/\/www.baannokkamin.ch\/?page_id=63\">Verein<\/a>&#8220; oder &#8222;<a title=\"Kontakt\" href=\"http:\/\/www.baannokkamin.ch\/?page_id=65\">Kontakt<\/a>&#8222;.<\/p>\n","protected":false},"excerpt":{"rendered":"<p>Jeden ersten Montag des Monats: &#8211;&gt; Gebetstreffen\u00a0um 19.00 Uhr in der Landeskirchlichen Minorit\u00e4t Heiden Seeallee 12, 9410 Heiden. Jeden 4. Montag des Monat: &#8211;&gt;Gebetstreffen bei Marie Bigler, Wetzikon,\u00a0um 18.30 Uhr, Infos unter Tel.\u00a0044 930 00 65 Jeden letzten Montag des &hellip; <a href=\"https:\/\/www.baannokkamin.ch\/?page_id=268\">Weiterlesen <span class=\"meta-nav\">&rarr;<\/span><\/a><\/p>\n","protected":false},"author":1,"featured_media":0,"parent":0,"menu_order":210,"comment_status":"closed","ping_status":"closed","template":"sidebar-page.php","meta":{"ngg_post_thumbnail":0,"footnotes":""},"_links":{"self":[{"href":"https:\/\/www.baannokkamin.ch\/index.php?rest_route=\/wp\/v2\/pages\/268"}],"collection":[{"href":"https:\/\/www.baannokkamin.ch\/index.php?rest_route=\/wp\/v2\/pages"}],"about":[{"href":"https:\/\/www.baannokkamin.ch\/index.php?rest_route=\/wp\/v2\/types\/page"}],"author":[{"embeddable":true,"href":"https:\/\/www.baannokkamin.ch\/index.php?rest_route=\/wp\/v2\/users\/1"}],"replies":[{"embeddable":true,"href":"https:\/\/www.baannokkamin.ch\/index.php?rest_route=%2Fwp%2Fv2%2Fcomments&post=268"}],"version-history":[{"count":45,"href":"https:\/\/www.baannokkamin.ch\/index.php?rest_route=\/wp\/v2\/pages\/268\/revisions"}],"predecessor-version":[{"id":2270,"href":"https:\/\/www.baannokkamin.ch\/index.php?rest_route=\/wp\/v2\/pages\/268\/revisions\/2270"}],"wp:attachment":[{"href":"https:\/\/www.baannokkamin.ch\/index.php?rest_route=%2Fwp%2Fv2%2Fmedia&parent=268"}],"curies":[{"name":"wp","href":"https:\/\/api.w.org\/{rel}","templated":true}]}}