{"id":238,"date":"2013-09-14T11:00:55","date_gmt":"2013-09-14T09:00:55","guid":{"rendered":"http:\/\/www.baannokkamin.ch\/?page_id=238"},"modified":"2018-11-03T09:21:21","modified_gmt":"2018-11-03T07:21:21","slug":"hoerspiel-cd","status":"publish","type":"page","link":"https:\/\/www.baannokkamin.ch\/?page_id=238","title":{"rendered":"H\u00f6rspiel-CD"},"content":{"rendered":"<p>Folgende H\u00f6rspiele k\u00f6nnen bei uns bestellt werden:<\/p>\n<p><strong><img decoding=\"async\" loading=\"lazy\" class=\"alignleft size-medium wp-image-239\" src=\"http:\/\/www.baannokkamin.ch\/wp-content\/uploads\/2013\/09\/CD_1-300x267.jpg\" alt=\"_CD_1\" width=\"300\" height=\"267\" srcset=\"https:\/\/www.baannokkamin.ch\/wp-content\/uploads\/2013\/09\/CD_1-300x267.jpg 300w, https:\/\/www.baannokkamin.ch\/wp-content\/uploads\/2013\/09\/CD_1-1024x914.jpg 1024w, https:\/\/www.baannokkamin.ch\/wp-content\/uploads\/2013\/09\/CD_1.jpg 1102w\" sizes=\"(max-width: 300px) 100vw, 300px\" \/><br \/>\n&#8222;HEIMATLOSI V\u00d6GEL&#8220;<\/strong><br \/>\nH\u00f6rspiel f\u00fcr Kids ab 10 Jahren von Esther Secretan<\/p>\n<p>Weil er nicht gerne zur Schule will, reisst Somphong von zu Huase aus und landet in Bangkok. Durch eine Bande von Jungs scheint er auf die schiefe Bahn u geraten, bis sein Leben eine \u00fcberraschende Wende nimmt.<\/p>\n<p>Eine wahre Geschichte aus Thailand.<br \/>\nAuf CD Fr. 19.80<\/p>\n<p><strong><img decoding=\"async\" loading=\"lazy\" class=\"alignleft size-medium wp-image-240\" src=\"http:\/\/www.baannokkamin.ch\/wp-content\/uploads\/2013\/09\/CD_2-300x267.jpg\" alt=\"_CD_2\" width=\"300\" height=\"267\" srcset=\"https:\/\/www.baannokkamin.ch\/wp-content\/uploads\/2013\/09\/CD_2-300x267.jpg 300w, https:\/\/www.baannokkamin.ch\/wp-content\/uploads\/2013\/09\/CD_2-1024x914.jpg 1024w, https:\/\/www.baannokkamin.ch\/wp-content\/uploads\/2013\/09\/CD_2.jpg 1102w\" sizes=\"(max-width: 300px) 100vw, 300px\" \/><br \/>\nS CHINDERHEIM IN THAILAND<br \/>\n<\/strong>H\u00f6rspiel f\u00fcr Kids ab 8 Jahren von Esther Secretan<\/p>\n<p>Der thail\u00e4ndische Knabe Thawi wird von seinem Stiefvater aus seinem Dorf in die grosse Stadt Bangkok gebracht. Dort zwingt dieser ihn zu betteln und ihm das Geld abzugeben. Thawi haut ab. Er lebt als Strassenkind, bis ihn ein freundlicher Herr in das Kinderheim \u201eHaus des heimatlosen Vogels\u201c bringt.<\/p>\n<p>Eine wahre und ber\u00fchrende Geschichte.<br \/>\nAuf CD Fr. 19.80<\/p>\n<p>F\u00fcr Ihre Bestellung: <a href=\"mailto:groeblierwin@baannokkamin.ch\">groeblierwin@baannokkamin.ch<\/a><\/p>\n<p>oder direkt online: <a href=\"https:\/\/www.profimusic.ch\/catalog\/product_info.php?products_id=8804\"><strong>profimusic.ch<\/strong><\/a><\/p>\n<p>&nbsp;<\/p>\n","protected":false},"excerpt":{"rendered":"<p>Folgende H\u00f6rspiele k\u00f6nnen bei uns bestellt werden: &#8222;HEIMATLOSI V\u00d6GEL&#8220; H\u00f6rspiel f\u00fcr Kids ab 10 Jahren von Esther Secretan Weil er nicht gerne zur Schule will, reisst Somphong von zu Huase aus und landet in Bangkok. Durch eine Bande von Jungs &hellip; <a href=\"https:\/\/www.baannokkamin.ch\/?page_id=238\">Weiterlesen <span class=\"meta-nav\">&rarr;<\/span><\/a><\/p>\n","protected":false},"author":1,"featured_media":0,"parent":227,"menu_order":630,"comment_status":"closed","ping_status":"closed","template":"sidebar-page.php","meta":{"ngg_post_thumbnail":0,"footnotes":""},"_links":{"self":[{"href":"https:\/\/www.baannokkamin.ch\/index.php?rest_route=\/wp\/v2\/pages\/238"}],"collection":[{"href":"https:\/\/www.baannokkamin.ch\/index.php?rest_route=\/wp\/v2\/pages"}],"about":[{"href":"https:\/\/www.baannokkamin.ch\/index.php?rest_route=\/wp\/v2\/types\/page"}],"author":[{"embeddable":true,"href":"https:\/\/www.baannokkamin.ch\/index.php?rest_route=\/wp\/v2\/users\/1"}],"replies":[{"embeddable":true,"href":"https:\/\/www.baannokkamin.ch\/index.php?rest_route=%2Fwp%2Fv2%2Fcomments&post=238"}],"version-history":[{"count":5,"href":"https:\/\/www.baannokkamin.ch\/index.php?rest_route=\/wp\/v2\/pages\/238\/revisions"}],"predecessor-version":[{"id":1158,"href":"https:\/\/www.baannokkamin.ch\/index.php?rest_route=\/wp\/v2\/pages\/238\/revisions\/1158"}],"up":[{"embeddable":true,"href":"https:\/\/www.baannokkamin.ch\/index.php?rest_route=\/wp\/v2\/pages\/227"}],"wp:attachment":[{"href":"https:\/\/www.baannokkamin.ch\/index.php?rest_route=%2Fwp%2Fv2%2Fmedia&parent=238"}],"curies":[{"name":"wp","href":"https:\/\/api.w.org\/{rel}","templated":true}]}}