{"id":233,"date":"2013-09-14T10:56:42","date_gmt":"2013-09-14T08:56:42","guid":{"rendered":"http:\/\/www.baannokkamin.ch\/?page_id=233"},"modified":"2023-05-16T13:41:19","modified_gmt":"2023-05-16T11:41:19","slug":"buecher","status":"publish","type":"page","link":"https:\/\/www.baannokkamin.ch\/?page_id=233","title":{"rendered":"B\u00fccher"},"content":{"rendered":"<p><strong><img decoding=\"async\" loading=\"lazy\" class=\"alignleft size-medium wp-image-234\" src=\"http:\/\/www.baannokkamin.ch\/wp-content\/uploads\/2013\/09\/Buch_1-225x300.jpg\" alt=\"_Buch_1\" width=\"225\" height=\"300\" srcset=\"https:\/\/www.baannokkamin.ch\/wp-content\/uploads\/2013\/09\/Buch_1-225x300.jpg 225w, https:\/\/www.baannokkamin.ch\/wp-content\/uploads\/2013\/09\/Buch_1.jpg 540w\" sizes=\"(max-width: 225px) 100vw, 225px\" \/><\/strong><\/p>\n<p><strong><br \/>\n\u00dcBER WUNDEN, ==&gt; leider Vergriffen<\/strong><br \/>\nAutobiographie von Erwin Gr\u00f6bli<\/p>\n<p>Wenn Sie wissen m\u00f6chten, was einen mann in den besten Jahren dazu bewegen kann, seinen Traumberuf als Steward bei der ehemaligen Swissair mit einer Bibelschule zu vertauschen \u2013 dann ist das das richtige Buch f\u00fcr Sie! Und erst recht, wenn Sie denken, das Leben eines Missionars m\u00fcsse todlangweilig sein oder Mission sei heute sowieso eine \u00fcberholte Sache.<br \/>\nPreis Fr. 18.-<\/p>\n<p><a href=\"http:\/\/www.baannokkamin.ch\/wp-content\/uploads\/2013\/09\/Buch_2.jpg\"><img decoding=\"async\" loading=\"lazy\" class=\"alignleft size-medium wp-image-235\" src=\"http:\/\/www.baannokkamin.ch\/wp-content\/uploads\/2013\/09\/Buch_2-214x300.jpg\" alt=\"_Buch_2\" width=\"214\" height=\"300\" srcset=\"https:\/\/www.baannokkamin.ch\/wp-content\/uploads\/2013\/09\/Buch_2-214x300.jpg 214w, https:\/\/www.baannokkamin.ch\/wp-content\/uploads\/2013\/09\/Buch_2-731x1024.jpg 731w, https:\/\/www.baannokkamin.ch\/wp-content\/uploads\/2013\/09\/Buch_2.jpg 1181w\" sizes=\"(max-width: 214px) 100vw, 214px\" \/><\/a><strong><br \/>\nHAUS DER HEIMATLOSEN<\/strong><br \/>\nKurzgeschichten aus Thailand von Erwin Gr\u00f6bli<\/p>\n<p>\u201eErwin und Irene Gr\u00f6bli mit ihren Mitarbeitern haben nicht auserlesene T\u00f6pferware\u201c in ihren H\u00e4nden, sondern solche, welche tiefe Spr\u00fcnge, klaffende Wunden aufweist. Die Narben werden das Leben lang sichtbar bleiben. Das Gr\u00f6sste an Baan Nok Kamin muss mit dem Herzen gesehen werden, weil es ein Geheimnis ist \u2013 das Geheimnis der Liebe Gottes, welche in Jesus Christus begr\u00fcndet ist und an diesen Kindern sichtbar wird.<\/p>\n<p>Ich denke, dies k\u00f6nnen uns diese Geschichten auf eindr\u00fcckliche Weise vor Augen f\u00fchren.\u201c (Aus dem Vorwort von Hans Rutishauser)<br \/>\nPreis Fr. 18.-<\/p>\n<p>F\u00fcr Ihre Bestellung: H. B\u00f6sch,&nbsp; <a href=\"mailto:hboe@hispeed.ch\">hboe@hispeed.ch<\/a> oder <a href=\"mailto:groeblierwin@baannokkamin.ch\">groeblierwin@baannokkamin.ch<\/a><\/p>\n","protected":false},"excerpt":{"rendered":"<p>\u00dcBER WUNDEN, ==&gt; leider Vergriffen Autobiographie von Erwin Gr\u00f6bli Wenn Sie wissen m\u00f6chten, was einen mann in den besten Jahren dazu bewegen kann, seinen Traumberuf als Steward bei der ehemaligen Swissair mit einer Bibelschule zu vertauschen \u2013 dann ist das &hellip; <a href=\"https:\/\/www.baannokkamin.ch\/?page_id=233\">Weiterlesen <span class=\"meta-nav\">&rarr;<\/span><\/a><\/p>\n","protected":false},"author":1,"featured_media":0,"parent":227,"menu_order":620,"comment_status":"closed","ping_status":"closed","template":"sidebar-page.php","meta":{"ngg_post_thumbnail":0,"footnotes":""},"_links":{"self":[{"href":"https:\/\/www.baannokkamin.ch\/index.php?rest_route=\/wp\/v2\/pages\/233"}],"collection":[{"href":"https:\/\/www.baannokkamin.ch\/index.php?rest_route=\/wp\/v2\/pages"}],"about":[{"href":"https:\/\/www.baannokkamin.ch\/index.php?rest_route=\/wp\/v2\/types\/page"}],"author":[{"embeddable":true,"href":"https:\/\/www.baannokkamin.ch\/index.php?rest_route=\/wp\/v2\/users\/1"}],"replies":[{"embeddable":true,"href":"https:\/\/www.baannokkamin.ch\/index.php?rest_route=%2Fwp%2Fv2%2Fcomments&post=233"}],"version-history":[{"count":5,"href":"https:\/\/www.baannokkamin.ch\/index.php?rest_route=\/wp\/v2\/pages\/233\/revisions"}],"predecessor-version":[{"id":2337,"href":"https:\/\/www.baannokkamin.ch\/index.php?rest_route=\/wp\/v2\/pages\/233\/revisions\/2337"}],"up":[{"embeddable":true,"href":"https:\/\/www.baannokkamin.ch\/index.php?rest_route=\/wp\/v2\/pages\/227"}],"wp:attachment":[{"href":"https:\/\/www.baannokkamin.ch\/index.php?rest_route=%2Fwp%2Fv2%2Fmedia&parent=233"}],"curies":[{"name":"wp","href":"https:\/\/api.w.org\/{rel}","templated":true}]}}