{"id":230,"date":"2013-09-14T10:51:54","date_gmt":"2013-09-14T08:51:54","guid":{"rendered":"http:\/\/www.baannokkamin.ch\/?page_id=230"},"modified":"2018-06-02T13:51:21","modified_gmt":"2018-06-02T11:51:21","slug":"literatur","status":"publish","type":"page","link":"https:\/\/www.baannokkamin.ch\/?page_id=230","title":{"rendered":"Literatur"},"content":{"rendered":"<p>\u201eEines Nachts kommt es mir pl\u00f6tzlich in den Sinn, wo ich dieses Kindergesicht schon gesehen habe: In New York, in Rio de Janeiro und in Paris! Die Blumenverk\u00e4ufer! Die, die draussen vor den teuren Restaurants, Bars und Hotels stehen und versuchen, rote Rosen \u201dan den Mann\u201d zu bringen! Mit einer Hartn\u00e4ckigkeit, die unvergleichlich ist, legen sie die in durchsichtiges Zellophanpapier eingewickelten Rosen vor dem Gast auf den Tisch und warten. Warten so lange, bis der junge (oder auch alte) Kavalier in Begleitung einer h\u00fcbschen Dame, die Rose kauft. Abweisen lassen sich die Kinder nicht. Stumm und geduldig warten sie. Wie peinlich f\u00fcr den Kavalier, wenn er den Verk\u00e4ufer wegjagt! Ist ihm denn eine kleine Rose zu viel f\u00fcr seine Begleiterin? Nach einer gewissen Zeit jedoch nimmt das Kind die Rose in die Hand und geht zu einem andern Tisch. Dieser Vorgang wiederholt sich, bis es wieder zum ersten Tisch kommt. Und alles beginnt von vorne&#8230;<\/p>\n<p>Diese Kinder \u2013 wo auch immer in den Grossst\u00e4dten der Welt \u2013 haben alle den gleichen Ausdruck im Gesicht: Stumm, bittend. Alle gleich. Nat\u00fcrlich war Sprite noch nie in New York, Rio oder Paris gewesen. Aber in Bangkok.<br \/>\n<img decoding=\"async\" loading=\"lazy\" class=\"alignleft wp-image-231\" src=\"http:\/\/www.baannokkamin.ch\/wp-content\/uploads\/2013\/09\/Kinderaugen11.jpg\" alt=\"Kinderaugen\" width=\"3000\" height=\"879\" srcset=\"https:\/\/www.baannokkamin.ch\/wp-content\/uploads\/2013\/09\/Kinderaugen11.jpg 3000w, https:\/\/www.baannokkamin.ch\/wp-content\/uploads\/2013\/09\/Kinderaugen11-300x87.jpg 300w, https:\/\/www.baannokkamin.ch\/wp-content\/uploads\/2013\/09\/Kinderaugen11-1024x300.jpg 1024w, https:\/\/www.baannokkamin.ch\/wp-content\/uploads\/2013\/09\/Kinderaugen11-500x146.jpg 500w\" sizes=\"(max-width: 3000px) 100vw, 3000px\" \/><\/p>\n<p>\u201dSprite\u201d, frage ich und schaue ihn an,\u00a0 \u201ddu bist fr\u00fcher Blumenverk\u00e4ufer gewesen, nicht wahr?\u201d<\/p>\n<p>Mit seinen dunklen Augen schaut er mich an und nickt. Dann senken sich seine Augen wieder. Ich merke nur zu gut, dass er nicht gerne dar\u00fcber spricht. \u00a0Er hat es selbst noch nicht vergessen, wie oft er von seinem Stiefvater geschlagen worden war, wenn er jeweils in der Morgend\u00e4mmerung nach Hause geschlichen kam und nicht alle Blumen verkauft hatte. Er war jeweils zu m\u00fcde gewesen, um mit dem kreischenden Stiefvater zu streiten. So liess er die Schl\u00e4ge willenlos \u00fcber sich ergehen, um nachher auf die schmutzige Matratze am Boden zu fallen. Der Mann aber fluchte und krempelte die Hosentaschen des Buben um, um das Geld mit gierigen Augen zu z\u00e4hlen. War der Betrag kleiner als erwartet, stiess er Sprite an die Wand und dr\u00fcckte ihm mit beiden H\u00e4nden die Kehle zu: &#8222;Ich zeig es dir, du Bengel!\u201d<\/p>\n<p>(Auszug aus dem Buch &#8222;Haus der Heimatlosen&#8220; von Erwin Gr\u00f6bli)<\/p>\n<p>F\u00fcr Ihre Bestellung: <a href=\"mailto:groeblierwin@baannokkamin.ch\">groeblierwin@baannokkamin.ch<\/a><\/p>\n","protected":false},"excerpt":{"rendered":"<p>\u201eEines Nachts kommt es mir pl\u00f6tzlich in den Sinn, wo ich dieses Kindergesicht schon gesehen habe: In New York, in Rio de Janeiro und in Paris! Die Blumenverk\u00e4ufer! Die, die draussen vor den teuren Restaurants, Bars und Hotels stehen und &hellip; <a href=\"https:\/\/www.baannokkamin.ch\/?page_id=230\">Weiterlesen <span class=\"meta-nav\">&rarr;<\/span><\/a><\/p>\n","protected":false},"author":1,"featured_media":0,"parent":227,"menu_order":610,"comment_status":"closed","ping_status":"closed","template":"sidebar-page.php","meta":{"ngg_post_thumbnail":0,"footnotes":""},"_links":{"self":[{"href":"https:\/\/www.baannokkamin.ch\/index.php?rest_route=\/wp\/v2\/pages\/230"}],"collection":[{"href":"https:\/\/www.baannokkamin.ch\/index.php?rest_route=\/wp\/v2\/pages"}],"about":[{"href":"https:\/\/www.baannokkamin.ch\/index.php?rest_route=\/wp\/v2\/types\/page"}],"author":[{"embeddable":true,"href":"https:\/\/www.baannokkamin.ch\/index.php?rest_route=\/wp\/v2\/users\/1"}],"replies":[{"embeddable":true,"href":"https:\/\/www.baannokkamin.ch\/index.php?rest_route=%2Fwp%2Fv2%2Fcomments&post=230"}],"version-history":[{"count":5,"href":"https:\/\/www.baannokkamin.ch\/index.php?rest_route=\/wp\/v2\/pages\/230\/revisions"}],"predecessor-version":[{"id":1122,"href":"https:\/\/www.baannokkamin.ch\/index.php?rest_route=\/wp\/v2\/pages\/230\/revisions\/1122"}],"up":[{"embeddable":true,"href":"https:\/\/www.baannokkamin.ch\/index.php?rest_route=\/wp\/v2\/pages\/227"}],"wp:attachment":[{"href":"https:\/\/www.baannokkamin.ch\/index.php?rest_route=%2Fwp%2Fv2%2Fmedia&parent=230"}],"curies":[{"name":"wp","href":"https:\/\/api.w.org\/{rel}","templated":true}]}}