{"id":227,"date":"2013-09-14T10:47:06","date_gmt":"2013-09-14T08:47:06","guid":{"rendered":"http:\/\/www.baannokkamin.ch\/?page_id=227"},"modified":"2018-10-17T08:10:09","modified_gmt":"2018-10-17T06:10:09","slug":"links-literatur","status":"publish","type":"page","link":"https:\/\/www.baannokkamin.ch\/?page_id=227","title":{"rendered":"Links &#038; Literatur"},"content":{"rendered":"<p>Diese Links k\u00f6nnen wir Ihnen empfehlen:<\/p>\n<p><a href=\"http:\/\/baannokkaminseasideger.weebly.com\/\">SeaSide (German, Deutsch)<\/a><\/p>\n<p><a href=\"http:\/\/www.uemg-omf.ch\/\" target=\"_blank\" rel=\"noopener\">\u00dcMG Schweiz<\/a><br \/>\n<a href=\"http:\/\/www.omf.org\/\" target=\"_blank\" rel=\"noopener\">\u00dcMG International<\/a><\/p>\n<p><a href=\"http:\/\/www.vch.ch\/\" target=\"_blank\" rel=\"noopener\">VHC &#8211; Verband christlicher Hotels<\/a><\/p>\n<p>Mehr \u00fcber Literatur, B\u00fccher oder CD erfahren Sie hier:<br \/>\n<a title=\"Literatur\" href=\"http:\/\/www.baannokkamin.ch\/?page_id=230\">Literatur<\/a><br \/>\n<a title=\"B\u00fccher\" href=\"http:\/\/www.baannokkamin.ch\/?page_id=233\">B\u00fccher<\/a><br \/>\n<a title=\"H\u00f6rspiel-CD\" href=\"http:\/\/www.baannokkamin.ch\/?page_id=238\">H\u00f6rspiel-CD<\/a><br \/>\nBestellungen sind zu richten an: <a href=\"mailto:groeblierwin@baannokkamin.ch\">groeblierwin@baannokkamin.ch<\/a><\/p>\n","protected":false},"excerpt":{"rendered":"<p>Diese Links k\u00f6nnen wir Ihnen empfehlen: SeaSide (German, Deutsch) \u00dcMG Schweiz \u00dcMG International VHC &#8211; Verband christlicher Hotels Mehr \u00fcber Literatur, B\u00fccher oder CD erfahren Sie hier: Literatur B\u00fccher H\u00f6rspiel-CD Bestellungen sind zu richten an: groeblierwin@baannokkamin.ch<\/p>\n","protected":false},"author":1,"featured_media":0,"parent":0,"menu_order":600,"comment_status":"closed","ping_status":"closed","template":"sidebar-page.php","meta":{"ngg_post_thumbnail":0,"footnotes":""},"_links":{"self":[{"href":"https:\/\/www.baannokkamin.ch\/index.php?rest_route=\/wp\/v2\/pages\/227"}],"collection":[{"href":"https:\/\/www.baannokkamin.ch\/index.php?rest_route=\/wp\/v2\/pages"}],"about":[{"href":"https:\/\/www.baannokkamin.ch\/index.php?rest_route=\/wp\/v2\/types\/page"}],"author":[{"embeddable":true,"href":"https:\/\/www.baannokkamin.ch\/index.php?rest_route=\/wp\/v2\/users\/1"}],"replies":[{"embeddable":true,"href":"https:\/\/www.baannokkamin.ch\/index.php?rest_route=%2Fwp%2Fv2%2Fcomments&post=227"}],"version-history":[{"count":7,"href":"https:\/\/www.baannokkamin.ch\/index.php?rest_route=\/wp\/v2\/pages\/227\/revisions"}],"predecessor-version":[{"id":1146,"href":"https:\/\/www.baannokkamin.ch\/index.php?rest_route=\/wp\/v2\/pages\/227\/revisions\/1146"}],"wp:attachment":[{"href":"https:\/\/www.baannokkamin.ch\/index.php?rest_route=%2Fwp%2Fv2%2Fmedia&parent=227"}],"curies":[{"name":"wp","href":"https:\/\/api.w.org\/{rel}","templated":true}]}}