{"id":201,"date":"2013-09-14T09:51:22","date_gmt":"2013-09-14T07:51:22","guid":{"rendered":"http:\/\/www.baannokkamin.ch\/?page_id=201"},"modified":"2025-01-30T16:04:18","modified_gmt":"2025-01-30T14:04:18","slug":"gruppenreisen","status":"publish","type":"page","link":"https:\/\/www.baannokkamin.ch\/?page_id=201","title":{"rendered":"Gruppenreisen"},"content":{"rendered":"<p>Bevorzugen Sie eine gef\u00fchrte Reise, k\u00f6nnen Sie sich der einmal j\u00e4hrlich durchgef\u00fchrten Gruppenreise anschliessen. Neben dem Besuch der verschiedenen Arbeitsprojekten von Baan Nok Kamin (Bangkok, Sukhothai, Chiangmai, Hua Hin) lernen Sie Land und Leute kennen. Erholung und Erlebnis werden sich abwechseln.<\/p>\n<p><strong>Baan Nok Kamin Reisen<br \/>\n<\/strong><\/p>\n<p>Vielleicht wollen Sie schon etwas Vorfreude erleben? Da besuchen Sie am besten die \u00fcbrigen Seiten mit den reich bebilderten Reiseberichten.<\/p>\n<p><a href=\"http:\/\/www.baannokkamin.ch\/?page_id=2536\">BNK Reise 2025<\/a><\/p>\n<p><a href=\"_wp_link_placeholder\" data-wplink-edit=\"true\">BNK Reise 2024<\/a><\/p>\n<p><a href=\"http:\/\/www.baannokkamin.ch\/?page_id=1270\">BNK Reise 2019<\/a><br \/>\n<a href=\"http:\/\/www.baannokkamin.ch\/?page_id=1163\">BNK Reise 2018<\/a><br \/>\n<a href=\"http:\/\/www.baannokkamin.ch\/?page_id=930\">BNK Reise 2017<\/a><br \/>\n<a href=\"http:\/\/www.baannokkamin.ch\/?page_id=643\">BNK Reise 2015<\/a><\/p>\n<h2>&nbsp;<\/h2>\n<p><strong>&nbsp;<\/strong><\/p>\n","protected":false},"excerpt":{"rendered":"<p>Bevorzugen Sie eine gef\u00fchrte Reise, k\u00f6nnen Sie sich der einmal j\u00e4hrlich durchgef\u00fchrten Gruppenreise anschliessen. Neben dem Besuch der verschiedenen Arbeitsprojekten von Baan Nok Kamin (Bangkok, Sukhothai, Chiangmai, Hua Hin) lernen Sie Land und Leute kennen. Erholung und Erlebnis werden sich &hellip; <a href=\"https:\/\/www.baannokkamin.ch\/?page_id=201\">Weiterlesen <span class=\"meta-nav\">&rarr;<\/span><\/a><\/p>\n","protected":false},"author":1,"featured_media":0,"parent":59,"menu_order":430,"comment_status":"closed","ping_status":"closed","template":"sidebar-page.php","meta":{"ngg_post_thumbnail":0,"footnotes":""},"_links":{"self":[{"href":"https:\/\/www.baannokkamin.ch\/index.php?rest_route=\/wp\/v2\/pages\/201"}],"collection":[{"href":"https:\/\/www.baannokkamin.ch\/index.php?rest_route=\/wp\/v2\/pages"}],"about":[{"href":"https:\/\/www.baannokkamin.ch\/index.php?rest_route=\/wp\/v2\/types\/page"}],"author":[{"embeddable":true,"href":"https:\/\/www.baannokkamin.ch\/index.php?rest_route=\/wp\/v2\/users\/1"}],"replies":[{"embeddable":true,"href":"https:\/\/www.baannokkamin.ch\/index.php?rest_route=%2Fwp%2Fv2%2Fcomments&post=201"}],"version-history":[{"count":30,"href":"https:\/\/www.baannokkamin.ch\/index.php?rest_route=\/wp\/v2\/pages\/201\/revisions"}],"predecessor-version":[{"id":2540,"href":"https:\/\/www.baannokkamin.ch\/index.php?rest_route=\/wp\/v2\/pages\/201\/revisions\/2540"}],"up":[{"embeddable":true,"href":"https:\/\/www.baannokkamin.ch\/index.php?rest_route=\/wp\/v2\/pages\/59"}],"wp:attachment":[{"href":"https:\/\/www.baannokkamin.ch\/index.php?rest_route=%2Fwp%2Fv2%2Fmedia&parent=201"}],"curies":[{"name":"wp","href":"https:\/\/api.w.org\/{rel}","templated":true}]}}