{"id":1270,"date":"2019-04-16T17:30:16","date_gmt":"2019-04-16T15:30:16","guid":{"rendered":"http:\/\/www.baannokkamin.ch\/?page_id=1270"},"modified":"2021-06-25T08:10:56","modified_gmt":"2021-06-25T06:10:56","slug":"bnk-reise-2019","status":"publish","type":"page","link":"https:\/\/www.baannokkamin.ch\/?page_id=1270","title":{"rendered":"BNK Reise 2019"},"content":{"rendered":"<p><a href=\"http:\/\/www.baannokkamin.ch\/wp-content\/uploads\/R\u00fcckblick-8.-BNK-Reise-2019-Beat-Beier.pdf\" target=\"_blank\" rel=\"noopener noreferrer\">R\u00fcckblick BNK Reise 2019 (PDF)<\/a><br \/>\n<a href=\"http:\/\/www.baannokkamin.ch\/wp-content\/uploads\/R\u00fcckblick-8.-BNK-Reise-2019-Beat-Beier.jpg\"><img decoding=\"async\" loading=\"lazy\" class=\"alignleft size-medium wp-image-1863\" src=\"http:\/\/www.baannokkamin.ch\/wp-content\/uploads\/R\u00fcckblick-8.-BNK-Reise-2019-Beat-Beier-300x169.jpg\" alt=\"\" width=\"300\" height=\"169\" srcset=\"https:\/\/www.baannokkamin.ch\/wp-content\/uploads\/R\u00fcckblick-8.-BNK-Reise-2019-Beat-Beier-300x169.jpg 300w, https:\/\/www.baannokkamin.ch\/wp-content\/uploads\/R\u00fcckblick-8.-BNK-Reise-2019-Beat-Beier-768x432.jpg 768w, https:\/\/www.baannokkamin.ch\/wp-content\/uploads\/R\u00fcckblick-8.-BNK-Reise-2019-Beat-Beier-1024x576.jpg 1024w, https:\/\/www.baannokkamin.ch\/wp-content\/uploads\/R\u00fcckblick-8.-BNK-Reise-2019-Beat-Beier-500x281.jpg 500w, https:\/\/www.baannokkamin.ch\/wp-content\/uploads\/R\u00fcckblick-8.-BNK-Reise-2019-Beat-Beier.jpg 1280w\" sizes=\"(max-width: 300px) 100vw, 300px\" \/><\/a>Die Fotos wurden von Beat Beier zur Verf\u00fcgung gestellt. Es handelt sich hier um eine kleine Auswahl der sehr sch\u00f6nen und interessanten Reise. Esther Frehner begleitete die Reisegruppe. Damit war eine fachkundige Leitung sichergestellt. Und ihre jahrelangen Erfahrungen als engagierte Mitarbeiterin bei BAAN NOK KAMIN in Thailand erm\u00f6glichte aussergew\u00f6hnliche Einblicke in die Kultur, das Land und die Menschen.<\/p>\n","protected":false},"excerpt":{"rendered":"<p>R\u00fcckblick BNK Reise 2019 (PDF) Die Fotos wurden von Beat Beier zur Verf\u00fcgung gestellt. Es handelt sich hier um eine kleine Auswahl der sehr sch\u00f6nen und interessanten Reise. Esther Frehner begleitete die Reisegruppe. Damit war eine fachkundige Leitung sichergestellt. Und &hellip; <a href=\"https:\/\/www.baannokkamin.ch\/?page_id=1270\">Weiterlesen <span class=\"meta-nav\">&rarr;<\/span><\/a><\/p>\n","protected":false},"author":1,"featured_media":0,"parent":59,"menu_order":445,"comment_status":"closed","ping_status":"closed","template":"","meta":{"ngg_post_thumbnail":0,"footnotes":""},"_links":{"self":[{"href":"https:\/\/www.baannokkamin.ch\/index.php?rest_route=\/wp\/v2\/pages\/1270"}],"collection":[{"href":"https:\/\/www.baannokkamin.ch\/index.php?rest_route=\/wp\/v2\/pages"}],"about":[{"href":"https:\/\/www.baannokkamin.ch\/index.php?rest_route=\/wp\/v2\/types\/page"}],"author":[{"embeddable":true,"href":"https:\/\/www.baannokkamin.ch\/index.php?rest_route=\/wp\/v2\/users\/1"}],"replies":[{"embeddable":true,"href":"https:\/\/www.baannokkamin.ch\/index.php?rest_route=%2Fwp%2Fv2%2Fcomments&post=1270"}],"version-history":[{"count":50,"href":"https:\/\/www.baannokkamin.ch\/index.php?rest_route=\/wp\/v2\/pages\/1270\/revisions"}],"predecessor-version":[{"id":1867,"href":"https:\/\/www.baannokkamin.ch\/index.php?rest_route=\/wp\/v2\/pages\/1270\/revisions\/1867"}],"up":[{"embeddable":true,"href":"https:\/\/www.baannokkamin.ch\/index.php?rest_route=\/wp\/v2\/pages\/59"}],"wp:attachment":[{"href":"https:\/\/www.baannokkamin.ch\/index.php?rest_route=%2Fwp%2Fv2%2Fmedia&parent=1270"}],"curies":[{"name":"wp","href":"https:\/\/api.w.org\/{rel}","templated":true}]}}