{"id":1918,"date":"2022-05-08T22:37:51","date_gmt":"2022-05-08T20:37:51","guid":{"rendered":"http:\/\/www.baannokkamin.ch\/?page_id=1918"},"modified":"2024-04-04T18:24:26","modified_gmt":"2024-04-04T16:24:26","slug":"mitgliederversammlungen-archiv","status":"publish","type":"page","link":"http:\/\/www.baannokkamin.ch\/?page_id=1918","title":{"rendered":"Jahresberichte [Archiv]"},"content":{"rendered":"\n<p>Mitglieder erhalten j\u00e4hrlich einen Jahresbericht. Die fr\u00fcheren Ausgaben k\u00f6nnen Sie hier aufrufen:<\/p>\n\n\n\n<p><\/p>\n\n\n\n<p>&#8211;> <a href=\"http:\/\/www.baannokkamin.ch\/wp-content\/uploads\/JB-2023.pdf\">Jahresbericht 2023<\/a><br>&#8211;> <a href=\"http:\/\/www.baannokkamin.ch\/wp-content\/uploads\/JB-2022.pdf\">Jahresbericht 2022<\/a><br>&#8211;> <a href=\"http:\/\/www.baannokkamin.ch\/wp-content\/uploads\/JB-2021-1.pdf\">Jahresbericht 2021<\/a><\/p>\n\n\n\n<p><a rel=\"noreferrer noopener\" href=\"http:\/\/www.baannokkamin.ch\/wp-content\/uploads\/JB2020.pdf\" target=\"_blank\">\u2013&gt; Jahresbericht 2020<\/a><br><a href=\"http:\/\/www.baannokkamin.ch\/wp-content\/uploads\/JB2019.pdf\">\u2013&gt; Jahresbericht 2019<\/a><br><a href=\"http:\/\/www.baannokkamin.ch\/wp-content\/uploads\/JB2018.pdf\">\u2013&gt; Jahresbericht 2018<\/a><br><a href=\"http:\/\/www.baannokkamin.ch\/wp-content\/uploads\/JB2017.pdf\">\u2013&gt; Jahresbericht 2017<\/a><br><a href=\"http:\/\/www.baannokkamin.ch\/wp-content\/uploads\/JB2016.pdf\">\u2013&gt; Jahresbericht 2016<\/a><br><a href=\"http:\/\/www.baannokkamin.ch\/wp-content\/uploads\/16319JB15.pdf\">\u2013&gt; Jahresbericht 2015<\/a><\/p>\n\n\n\n<p>Wer detailliertere Ausk\u00fcnfte w\u00fcnscht, wende sich bitte direkt an den Pr\u00e4sidenten Hermann B\u00f6sch:<\/p>\n\n\n\n<p>Verein Baan Nok Kamin (Schweiz)<br>Hermann B\u00f6sch, Pr\u00e4sident<br>M\u00f6he 18<br>8476 Unterstammheim<br><a href=\"mailto:hboe@hispeed.ch\">hboe@hispeed.ch<br><\/a>+41 78 656 31 43<\/p>\n","protected":false},"excerpt":{"rendered":"<p>Mitglieder erhalten j\u00e4hrlich einen Jahresbericht. Die fr\u00fcheren Ausgaben k\u00f6nnen Sie hier aufrufen: &#8211;> Jahresbericht 2023&#8211;> Jahresbericht 2022&#8211;> Jahresbericht 2021 \u2013&gt; Jahresbericht 2020\u2013&gt; Jahresbericht 2019\u2013&gt; Jahresbericht 2018\u2013&gt; Jahresbericht 2017\u2013&gt; Jahresbericht 2016\u2013&gt; Jahresbericht 2015 Wer detailliertere Ausk\u00fcnfte w\u00fcnscht, wende sich bitte direkt &hellip; <a href=\"http:\/\/www.baannokkamin.ch\/?page_id=1918\">Weiterlesen <span class=\"meta-nav\">&rarr;<\/span><\/a><\/p>\n","protected":false},"author":1,"featured_media":0,"parent":63,"menu_order":111,"comment_status":"closed","ping_status":"closed","template":"","meta":{"ngg_post_thumbnail":0,"footnotes":""},"_links":{"self":[{"href":"http:\/\/www.baannokkamin.ch\/index.php?rest_route=\/wp\/v2\/pages\/1918"}],"collection":[{"href":"http:\/\/www.baannokkamin.ch\/index.php?rest_route=\/wp\/v2\/pages"}],"about":[{"href":"http:\/\/www.baannokkamin.ch\/index.php?rest_route=\/wp\/v2\/types\/page"}],"author":[{"embeddable":true,"href":"http:\/\/www.baannokkamin.ch\/index.php?rest_route=\/wp\/v2\/users\/1"}],"replies":[{"embeddable":true,"href":"http:\/\/www.baannokkamin.ch\/index.php?rest_route=%2Fwp%2Fv2%2Fcomments&post=1918"}],"version-history":[{"count":7,"href":"http:\/\/www.baannokkamin.ch\/index.php?rest_route=\/wp\/v2\/pages\/1918\/revisions"}],"predecessor-version":[{"id":2453,"href":"http:\/\/www.baannokkamin.ch\/index.php?rest_route=\/wp\/v2\/pages\/1918\/revisions\/2453"}],"up":[{"embeddable":true,"href":"http:\/\/www.baannokkamin.ch\/index.php?rest_route=\/wp\/v2\/pages\/63"}],"wp:attachment":[{"href":"http:\/\/www.baannokkamin.ch\/index.php?rest_route=%2Fwp%2Fv2%2Fmedia&parent=1918"}],"curies":[{"name":"wp","href":"https:\/\/api.w.org\/{rel}","templated":true}]}}